{"id":384,"date":"2022-08-25T01:43:36","date_gmt":"2022-08-24T22:43:36","guid":{"rendered":"https:\/\/digitutor.redu.fi\/digitutor\/?page_id=384"},"modified":"2024-10-28T09:28:35","modified_gmt":"2024-10-28T06:28:35","slug":"sovellukset","status":"publish","type":"page","link":"https:\/\/digitutor.redu.fi\/digitutor\/?page_id=384","title":{"rendered":"Sovellukset"},"content":{"rendered":"\t\t<div data-elementor-type=\"wp-page\" data-elementor-id=\"384\" class=\"elementor elementor-384\">\n\t\t\t\t\t\t<section class=\"elementor-section elementor-top-section elementor-element elementor-element-6cd3231 elementor-section-stretched elementor-section-boxed elementor-section-height-default elementor-section-height-default wpr-particle-no wpr-jarallax-no wpr-parallax-no wpr-sticky-section-no\" data-id=\"6cd3231\" data-element_type=\"section\" data-e-type=\"section\" data-settings=\"{&quot;stretch_section&quot;:&quot;section-stretched&quot;}\">\n\t\t\t\t\t\t<div class=\"elementor-container elementor-column-gap-default\">\n\t\t\t\t\t<div class=\"elementor-column elementor-col-50 elementor-top-column elementor-element elementor-element-86d40ce\" data-id=\"86d40ce\" data-element_type=\"column\" data-e-type=\"column\">\n\t\t\t<div class=\"elementor-widget-wrap elementor-element-populated\">\n\t\t\t\t\t\t<div class=\"elementor-element elementor-element-5b02ac2 elementor-widget elementor-widget-text-editor\" data-id=\"5b02ac2\" data-element_type=\"widget\" data-e-type=\"widget\" data-widget_type=\"text-editor.default\">\n\t\t\t\t<div class=\"elementor-widget-container\">\n\t\t\t\t\t\t\t\t\t<h3><span style=\"font-size: 30pt;\">M365<\/span><\/h3><p style=\"border: 0px; border-collapse: collapse; border-spacing: 0px; list-style: none; margin: 0px; padding: 0px; -webkit-line-clamp: initial; line-height: 22px;\"><span class=\"l_ecrd_txt_pln\" style=\"font-size: 23px;\">Microsoft 365 on Microsoftin pilvipohjainen kuukausimaksullinen tuottavuusymp\u00e4rist\u00f6, joka sis\u00e4lt\u00e4\u00e4 vanhan Office-paketin ohjelmat ja uusia ominaisuuksia kuten Microsoft Teams, Outlook ja OneDrive-verkkolevy yhdell\u00e4 teratavulla tallennustilaa. Tuote on k\u00e4ytett\u00e4viss\u00e4 PC-, Mac-, mobiilialustoilla ja webiss\u00e4.<\/span><\/p><p style=\"border: 0px; border-collapse: collapse; border-spacing: 0px; list-style: none; margin: 0px; padding: 0px; -webkit-line-clamp: initial; line-height: 22px;\"><span class=\"l_ecrd_txt_pln\" style=\"font-size: 23px;\">\u00a0<\/span><\/p><p style=\"border: 0px; border-collapse: collapse; border-spacing: 0px; list-style: none; margin: 0px; padding: 0px; -webkit-line-clamp: initial; line-height: 22px;\"><span class=\"l_ecrd_txt_pln\" style=\"font-size: 23px;\"><a href=\"https:\/\/www.microsoft.com\/fi-fi\/microsoft-365\">Microsoft 365 \u2013 tuottavuussovellusten tilaus | Microsoft 365<\/a><\/span><\/p>\t\t\t\t\t\t\t\t<\/div>\n\t\t\t\t<\/div>\n\t\t\t\t\t<\/div>\n\t\t<\/div>\n\t\t\t\t<div class=\"elementor-column elementor-col-50 elementor-top-column elementor-element elementor-element-3db2b41\" data-id=\"3db2b41\" data-element_type=\"column\" data-e-type=\"column\">\n\t\t\t<div class=\"elementor-widget-wrap elementor-element-populated\">\n\t\t\t\t\t\t<div class=\"elementor-element elementor-element-9741b7f elementor-widget elementor-widget-image-gallery\" data-id=\"9741b7f\" data-element_type=\"widget\" data-e-type=\"widget\" data-widget_type=\"image-gallery.default\">\n\t\t\t\t<div class=\"elementor-widget-container\">\n\t\t\t\t\t\t\t<div class=\"elementor-image-gallery\">\n\t\t\t<div id='gallery-1' class='gallery galleryid-384 gallery-columns-1 gallery-size-full'><figure class='gallery-item'>\n\t\t\t<div class='gallery-icon landscape'>\n\t\t\t\t<a data-elementor-open-lightbox=\"yes\" data-elementor-lightbox-slideshow=\"9741b7f\" data-elementor-lightbox-title=\"visuals-website-m365\" data-e-action-hash=\"#elementor-action%3Aaction%3Dlightbox%26settings%3DeyJpZCI6MTAyOSwidXJsIjoiaHR0cHM6XC9cL2RpZ2l0dXRvci5yZWR1LmZpXC9kaWdpdHV0b3JcL3dwLWNvbnRlbnRcL3VwbG9hZHNcLzIwMjRcLzEwXC92aXN1YWxzLXdlYnNpdGUtbTM2NS5wbmciLCJzbGlkZXNob3ciOiI5NzQxYjdmIn0%3D\" href='https:\/\/digitutor.redu.fi\/digitutor\/wp-content\/uploads\/2024\/10\/visuals-website-m365.png'><img fetchpriority=\"high\" decoding=\"async\" width=\"1250\" height=\"1042\" src=\"https:\/\/digitutor.redu.fi\/digitutor\/wp-content\/uploads\/2024\/10\/visuals-website-m365.png\" class=\"attachment-full size-full\" alt=\"\" srcset=\"https:\/\/digitutor.redu.fi\/digitutor\/wp-content\/uploads\/2024\/10\/visuals-website-m365.png 1250w, https:\/\/digitutor.redu.fi\/digitutor\/wp-content\/uploads\/2024\/10\/visuals-website-m365-300x250.png 300w, https:\/\/digitutor.redu.fi\/digitutor\/wp-content\/uploads\/2024\/10\/visuals-website-m365-1024x854.png 1024w, https:\/\/digitutor.redu.fi\/digitutor\/wp-content\/uploads\/2024\/10\/visuals-website-m365-768x640.png 768w\" sizes=\"(max-width: 1250px) 100vw, 1250px\" \/><\/a>\n\t\t\t<\/div><\/figure>\n\t\t<\/div>\n\t\t<\/div>\n\t\t\t\t\t\t<\/div>\n\t\t\t\t<\/div>\n\t\t\t\t\t<\/div>\n\t\t<\/div>\n\t\t\t\t\t<\/div>\n\t\t<\/section>\n\t\t\t\t<section class=\"elementor-section elementor-top-section elementor-element elementor-element-c47d4a4 elementor-section-stretched elementor-section-boxed elementor-section-height-default elementor-section-height-default wpr-particle-no wpr-jarallax-no wpr-parallax-no wpr-sticky-section-no\" data-id=\"c47d4a4\" data-element_type=\"section\" data-e-type=\"section\" data-settings=\"{&quot;stretch_section&quot;:&quot;section-stretched&quot;}\">\n\t\t\t\t\t\t<div class=\"elementor-container elementor-column-gap-default\">\n\t\t\t\t\t<div class=\"elementor-column elementor-col-50 elementor-top-column elementor-element elementor-element-ac462f3\" data-id=\"ac462f3\" data-element_type=\"column\" data-e-type=\"column\">\n\t\t\t<div class=\"elementor-widget-wrap elementor-element-populated\">\n\t\t\t\t\t\t<div class=\"elementor-element elementor-element-031cdfd elementor-widget elementor-widget-text-editor\" data-id=\"031cdfd\" data-element_type=\"widget\" data-e-type=\"widget\" data-widget_type=\"text-editor.default\">\n\t\t\t\t<div class=\"elementor-widget-container\">\n\t\t\t\t\t\t\t\t\t<h3><span style=\"font-size: 30pt;\">Spiceworks<\/span><\/h3><p><span style=\"font-size: 23px;\">Spiceworks on verkkoyhteis\u00f6 jossa k\u00e4ytt\u00e4j\u00e4t voivat tehd\u00e4 yhteisty\u00f6t\u00e4 ja neuvoa toisiaan. Digitutorit k\u00e4ytt\u00e4v\u00e4t t\u00e4t\u00e4 sovellusta palvelupyynt\u00f6jen tallennukseen ja k\u00e4sittelyyn. Yhti\u00f6 perustettiin 2006.<\/span><\/p><p><a href=\"https:\/\/www.spiceworks.com\/\">Business and Industry News, Analysis and Expert Insights &#8211; Spiceworks<\/a><\/p>\t\t\t\t\t\t\t\t<\/div>\n\t\t\t\t<\/div>\n\t\t\t\t\t<\/div>\n\t\t<\/div>\n\t\t\t\t<div class=\"elementor-column elementor-col-50 elementor-top-column elementor-element elementor-element-159c0ad\" data-id=\"159c0ad\" data-element_type=\"column\" data-e-type=\"column\">\n\t\t\t<div class=\"elementor-widget-wrap elementor-element-populated\">\n\t\t\t\t\t\t<div class=\"elementor-element elementor-element-afffbb0 elementor-widget elementor-widget-image-gallery\" data-id=\"afffbb0\" data-element_type=\"widget\" data-e-type=\"widget\" data-widget_type=\"image-gallery.default\">\n\t\t\t\t<div class=\"elementor-widget-container\">\n\t\t\t\t\t\t\t<div class=\"elementor-image-gallery\">\n\t\t\t<div id='gallery-2' class='gallery galleryid-384 gallery-columns-1 gallery-size-full'><figure class='gallery-item'>\n\t\t\t<div class='gallery-icon portrait'>\n\t\t\t\t<a data-elementor-open-lightbox=\"yes\" data-elementor-lightbox-slideshow=\"afffbb0\" data-elementor-lightbox-title=\"Spiceworks\" data-e-action-hash=\"#elementor-action%3Aaction%3Dlightbox%26settings%3DeyJpZCI6NzAwLCJ1cmwiOiJodHRwczpcL1wvZGlnaXR1dG9yLnJlZHUuZmlcL2RpZ2l0dXRvclwvd3AtY29udGVudFwvdXBsb2Fkc1wvMjAyMlwvMDlcL1NwaWNld29ya3MucG5nIiwic2xpZGVzaG93IjoiYWZmZmJiMCJ9\" href='https:\/\/digitutor.redu.fi\/digitutor\/wp-content\/uploads\/2022\/09\/Spiceworks.png'><img decoding=\"async\" width=\"258\" height=\"263\" src=\"https:\/\/digitutor.redu.fi\/digitutor\/wp-content\/uploads\/2022\/09\/Spiceworks.png\" class=\"attachment-full size-full\" alt=\"spiceworks\" \/><\/a>\n\t\t\t<\/div><\/figure>\n\t\t<\/div>\n\t\t<\/div>\n\t\t\t\t\t\t<\/div>\n\t\t\t\t<\/div>\n\t\t\t\t\t<\/div>\n\t\t<\/div>\n\t\t\t\t\t<\/div>\n\t\t<\/section>\n\t\t\t\t<section class=\"elementor-section elementor-top-section elementor-element elementor-element-cf49a28 elementor-section-stretched elementor-section-boxed elementor-section-height-default elementor-section-height-default wpr-particle-no wpr-jarallax-no wpr-parallax-no wpr-sticky-section-no\" data-id=\"cf49a28\" data-element_type=\"section\" data-e-type=\"section\" data-settings=\"{&quot;stretch_section&quot;:&quot;section-stretched&quot;}\">\n\t\t\t\t\t\t<div class=\"elementor-container elementor-column-gap-default\">\n\t\t\t\t\t<div class=\"elementor-column elementor-col-50 elementor-top-column elementor-element elementor-element-dd290a5\" data-id=\"dd290a5\" data-element_type=\"column\" data-e-type=\"column\">\n\t\t\t<div class=\"elementor-widget-wrap elementor-element-populated\">\n\t\t\t\t\t\t<div class=\"elementor-element elementor-element-92de00e elementor-widget elementor-widget-text-editor\" data-id=\"92de00e\" data-element_type=\"widget\" data-e-type=\"widget\" data-widget_type=\"text-editor.default\">\n\t\t\t\t<div class=\"elementor-widget-container\">\n\t\t\t\t\t\t\t\t\t<h3><span style=\"font-size: 30pt;\">Thinglink<\/span><\/h3><div>\u00a0<\/div><div><span style=\"font-size: 18pt;\">Thinglink on vuonna 2010 perustettu suomalais-amerikkalainen yritys, jonka luomat palvelut tekev\u00e4t kuvista sosiaalisia ja interaktiivisia.<\/span><\/div><div><a href=\"https:\/\/www.thinglink.com\/\">ThingLink: Rakenna visuaalisia oppimiskokemuksia interaktiivisten kuvien, videoiden ja 360 median avulla<\/a><\/div>\t\t\t\t\t\t\t\t<\/div>\n\t\t\t\t<\/div>\n\t\t\t\t\t<\/div>\n\t\t<\/div>\n\t\t\t\t<div class=\"elementor-column elementor-col-50 elementor-top-column elementor-element elementor-element-a7ad4db\" data-id=\"a7ad4db\" data-element_type=\"column\" data-e-type=\"column\">\n\t\t\t<div class=\"elementor-widget-wrap elementor-element-populated\">\n\t\t\t\t\t\t<div class=\"elementor-element elementor-element-f8d517a elementor-widget elementor-widget-image-gallery\" data-id=\"f8d517a\" data-element_type=\"widget\" data-e-type=\"widget\" data-widget_type=\"image-gallery.default\">\n\t\t\t\t<div class=\"elementor-widget-container\">\n\t\t\t\t\t\t\t<div class=\"elementor-image-gallery\">\n\t\t\t<div id='gallery-3' class='gallery galleryid-384 gallery-columns-1 gallery-size-medium'><figure class='gallery-item'>\n\t\t\t<div class='gallery-icon landscape'>\n\t\t\t\t<a data-elementor-open-lightbox=\"yes\" data-elementor-lightbox-slideshow=\"f8d517a\" data-elementor-lightbox-title=\"thinglink\" data-e-action-hash=\"#elementor-action%3Aaction%3Dlightbox%26settings%3DeyJpZCI6NzA1LCJ1cmwiOiJodHRwczpcL1wvZGlnaXR1dG9yLnJlZHUuZmlcL2RpZ2l0dXRvclwvd3AtY29udGVudFwvdXBsb2Fkc1wvMjAyMlwvMDlcL3RoaW5nbGluay5wbmciLCJzbGlkZXNob3ciOiJmOGQ1MTdhIn0%3D\" href='https:\/\/digitutor.redu.fi\/digitutor\/wp-content\/uploads\/2022\/09\/thinglink.png'><img decoding=\"async\" width=\"300\" height=\"169\" src=\"https:\/\/digitutor.redu.fi\/digitutor\/wp-content\/uploads\/2022\/09\/thinglink-300x169.png\" class=\"attachment-medium size-medium\" alt=\"thinglink\" srcset=\"https:\/\/digitutor.redu.fi\/digitutor\/wp-content\/uploads\/2022\/09\/thinglink-300x169.png 300w, https:\/\/digitutor.redu.fi\/digitutor\/wp-content\/uploads\/2022\/09\/thinglink-1024x576.png 1024w, https:\/\/digitutor.redu.fi\/digitutor\/wp-content\/uploads\/2022\/09\/thinglink-768x432.png 768w, https:\/\/digitutor.redu.fi\/digitutor\/wp-content\/uploads\/2022\/09\/thinglink.png 1460w\" sizes=\"(max-width: 300px) 100vw, 300px\" \/><\/a>\n\t\t\t<\/div><\/figure>\n\t\t<\/div>\n\t\t<\/div>\n\t\t\t\t\t\t<\/div>\n\t\t\t\t<\/div>\n\t\t\t\t\t<\/div>\n\t\t<\/div>\n\t\t\t\t\t<\/div>\n\t\t<\/section>\n\t\t\t\t<section class=\"elementor-section elementor-top-section elementor-element elementor-element-09a8e25 elementor-section-stretched elementor-section-boxed elementor-section-height-default elementor-section-height-default wpr-particle-no wpr-jarallax-no wpr-parallax-no wpr-sticky-section-no\" data-id=\"09a8e25\" data-element_type=\"section\" data-e-type=\"section\" data-settings=\"{&quot;stretch_section&quot;:&quot;section-stretched&quot;}\">\n\t\t\t\t\t\t<div class=\"elementor-container elementor-column-gap-default\">\n\t\t\t\t\t<div class=\"elementor-column elementor-col-50 elementor-top-column elementor-element elementor-element-8a35484\" data-id=\"8a35484\" data-element_type=\"column\" data-e-type=\"column\">\n\t\t\t<div class=\"elementor-widget-wrap elementor-element-populated\">\n\t\t\t\t\t\t<div class=\"elementor-element elementor-element-270d114 elementor-widget__width-initial elementor-widget elementor-widget-text-editor\" data-id=\"270d114\" data-element_type=\"widget\" data-e-type=\"widget\" data-widget_type=\"text-editor.default\">\n\t\t\t\t<div class=\"elementor-widget-container\">\n\t\t\t\t\t\t\t\t\t<h3><span style=\"font-size: 30pt;\">Adobe cloud<\/span><\/h3><div><span style=\"font-size: 23px;\">Adobe Creative Cloud toimittaa sovelluksia, verkkopalveluita ja resursseja luoviin projekteihin \u2013 valokuvaukseen, graafiseen suunnitteluun, videoiden muokkaukseen, UX-suunnitteluun, piirt\u00e4miseen ja maalaukseen, sosiaaliseen mediaan ja muihin tarkoituksiin. Kokoa oma j\u00e4senyytesi erillisten sovellusten j\u00e4senyyksist\u00e4 tai tilaa creative cloud kaikki sovellukset -j\u00e4senyys.<\/span><br \/><a href=\"https:\/\/www.adobe.com\/fi\/creativecloud.html\">Adobe Creative Cloud | Lis\u00e4tiedot ja tuotteet | Adobe<\/a><\/div>\t\t\t\t\t\t\t\t<\/div>\n\t\t\t\t<\/div>\n\t\t\t\t\t<\/div>\n\t\t<\/div>\n\t\t\t\t<div class=\"elementor-column elementor-col-50 elementor-top-column elementor-element elementor-element-0e0b334\" data-id=\"0e0b334\" data-element_type=\"column\" data-e-type=\"column\">\n\t\t\t<div class=\"elementor-widget-wrap elementor-element-populated\">\n\t\t\t\t\t\t<div class=\"elementor-element elementor-element-46115d1 elementor-widget elementor-widget-image\" data-id=\"46115d1\" data-element_type=\"widget\" data-e-type=\"widget\" data-widget_type=\"image.default\">\n\t\t\t\t<div class=\"elementor-widget-container\">\n\t\t\t\t\t\t\t\t\t\t\t\t\t\t\t<img loading=\"lazy\" decoding=\"async\" width=\"424\" height=\"522\" src=\"https:\/\/digitutor.redu.fi\/digitutor\/wp-content\/uploads\/2024\/10\/Nayttokuva-2024-10-09-105642.png\" class=\"attachment-medium_large size-medium_large wp-image-1030\" alt=\"\" srcset=\"https:\/\/digitutor.redu.fi\/digitutor\/wp-content\/uploads\/2024\/10\/Nayttokuva-2024-10-09-105642.png 424w, https:\/\/digitutor.redu.fi\/digitutor\/wp-content\/uploads\/2024\/10\/Nayttokuva-2024-10-09-105642-244x300.png 244w\" sizes=\"(max-width: 424px) 100vw, 424px\" \/>\t\t\t\t\t\t\t\t\t\t\t\t\t\t\t<\/div>\n\t\t\t\t<\/div>\n\t\t\t\t\t<\/div>\n\t\t<\/div>\n\t\t\t\t\t<\/div>\n\t\t<\/section>\n\t\t\t\t<section class=\"elementor-section elementor-top-section elementor-element elementor-element-55be006 elementor-section-stretched elementor-section-boxed elementor-section-height-default elementor-section-height-default wpr-particle-no wpr-jarallax-no wpr-parallax-no wpr-sticky-section-no\" data-id=\"55be006\" data-element_type=\"section\" data-e-type=\"section\" data-settings=\"{&quot;stretch_section&quot;:&quot;section-stretched&quot;}\">\n\t\t\t\t\t\t<div class=\"elementor-container elementor-column-gap-default\">\n\t\t\t\t\t<div class=\"elementor-column elementor-col-50 elementor-top-column elementor-element elementor-element-e30db0b\" data-id=\"e30db0b\" data-element_type=\"column\" data-e-type=\"column\">\n\t\t\t<div class=\"elementor-widget-wrap elementor-element-populated\">\n\t\t\t\t\t\t<div class=\"elementor-element elementor-element-f2c4828 elementor-widget__width-initial elementor-widget elementor-widget-text-editor\" data-id=\"f2c4828\" data-element_type=\"widget\" data-e-type=\"widget\" data-widget_type=\"text-editor.default\">\n\t\t\t\t<div class=\"elementor-widget-container\">\n\t\t\t\t\t\t\t\t\t<h3><span style=\"font-size: 30pt;\">Instagram<\/span><\/h3><div>\u00a0<a style=\"font-family: var( --e-global-typography-text-font-family ), Sans-serif; font-weight: var( --e-global-typography-text-font-weight ); background-color: #ffffff; font-size: 1.6rem; letter-spacing: 0.01em;\" href=\"https:\/\/www.instagram.com\/redu_digitutor\/\" target=\"_blank\" rel=\"noopener\">https:\/\/www.instagram.com\/redu_digitutor\/<\/a><\/div>\t\t\t\t\t\t\t\t<\/div>\n\t\t\t\t<\/div>\n\t\t\t\t\t<\/div>\n\t\t<\/div>\n\t\t\t\t<div class=\"elementor-column elementor-col-50 elementor-top-column elementor-element elementor-element-5222668\" data-id=\"5222668\" data-element_type=\"column\" data-e-type=\"column\">\n\t\t\t<div class=\"elementor-widget-wrap elementor-element-populated\">\n\t\t\t\t\t\t<div class=\"elementor-element elementor-element-bbe6c8d elementor-widget elementor-widget-image\" data-id=\"bbe6c8d\" data-element_type=\"widget\" data-e-type=\"widget\" data-widget_type=\"image.default\">\n\t\t\t\t<div class=\"elementor-widget-container\">\n\t\t\t\t\t\t\t\t\t\t\t\t\t\t\t<img loading=\"lazy\" decoding=\"async\" width=\"300\" height=\"300\" src=\"https:\/\/digitutor.redu.fi\/digitutor\/wp-content\/uploads\/2024\/10\/instagram-logo-300x300.png\" class=\"attachment-medium size-medium wp-image-1035\" alt=\"\" srcset=\"https:\/\/digitutor.redu.fi\/digitutor\/wp-content\/uploads\/2024\/10\/instagram-logo-300x300.png 300w, https:\/\/digitutor.redu.fi\/digitutor\/wp-content\/uploads\/2024\/10\/instagram-logo-1024x1024.png 1024w, https:\/\/digitutor.redu.fi\/digitutor\/wp-content\/uploads\/2024\/10\/instagram-logo-150x150.png 150w, https:\/\/digitutor.redu.fi\/digitutor\/wp-content\/uploads\/2024\/10\/instagram-logo-768x768.png 768w, https:\/\/digitutor.redu.fi\/digitutor\/wp-content\/uploads\/2024\/10\/instagram-logo-1536x1536.png 1536w, https:\/\/digitutor.redu.fi\/digitutor\/wp-content\/uploads\/2024\/10\/instagram-logo.png 2048w\" sizes=\"(max-width: 300px) 100vw, 300px\" \/>\t\t\t\t\t\t\t\t\t\t\t\t\t\t\t<\/div>\n\t\t\t\t<\/div>\n\t\t\t\t\t<\/div>\n\t\t<\/div>\n\t\t\t\t\t<\/div>\n\t\t<\/section>\n\t\t\t\t<section class=\"elementor-section elementor-top-section elementor-element elementor-element-ceb6b5f elementor-section-stretched elementor-section-boxed elementor-section-height-default elementor-section-height-default wpr-particle-no wpr-jarallax-no wpr-parallax-no wpr-sticky-section-no\" data-id=\"ceb6b5f\" data-element_type=\"section\" data-e-type=\"section\" data-settings=\"{&quot;stretch_section&quot;:&quot;section-stretched&quot;}\">\n\t\t\t\t\t\t<div class=\"elementor-container elementor-column-gap-default\">\n\t\t\t\t\t<div class=\"elementor-column elementor-col-50 elementor-top-column elementor-element elementor-element-4c6b53a\" data-id=\"4c6b53a\" data-element_type=\"column\" data-e-type=\"column\">\n\t\t\t<div class=\"elementor-widget-wrap elementor-element-populated\">\n\t\t\t\t\t\t<div class=\"elementor-element elementor-element-157dbf2 elementor-widget__width-initial elementor-widget elementor-widget-text-editor\" data-id=\"157dbf2\" data-element_type=\"widget\" data-e-type=\"widget\" data-widget_type=\"text-editor.default\">\n\t\t\t\t<div class=\"elementor-widget-container\">\n\t\t\t\t\t\t\t\t\t<h3><span style=\"font-size: 30pt;\">ServiceNow<\/span><\/h3><div><span style=\"font-size: 23px;\">N\u00e4e ServiceNow toiminnassa<\/span><\/div><div><span style=\"font-size: 23px;\">Esittele omalla tavallasi \u2013 olitpa sitten uusi ServiceNow-k\u00e4ytt\u00e4j\u00e4 tai kokenut kehitt\u00e4j\u00e4, meill\u00e4 on sinulle vaihtoehto.<\/span><\/div><div><span style=\"font-size: 23px;\">Katso purentakokoisia videoita v\u00e4litt\u00f6m\u00e4sti<\/span><\/div><div><span style=\"font-size: 23px;\">Koe perusteellinen demo liven\u00e4 tai tutustu kirjastoon<\/span><\/div><div><span style=\"font-size: 23px;\">Kokeile maksutonta kehitt\u00e4j\u00e4esiintym\u00e4\u00e4 k\u00e4yt\u00e4nn\u00f6ss\u00e4.<\/span><\/div><div><a href=\"https:\/\/www.servicenow.com\/\">ServiceNow &#8211; Put AI to Work<\/a><\/div>\t\t\t\t\t\t\t\t<\/div>\n\t\t\t\t<\/div>\n\t\t\t\t\t<\/div>\n\t\t<\/div>\n\t\t\t\t<div class=\"elementor-column elementor-col-50 elementor-top-column elementor-element elementor-element-fb2ee54\" data-id=\"fb2ee54\" data-element_type=\"column\" data-e-type=\"column\">\n\t\t\t<div class=\"elementor-widget-wrap elementor-element-populated\">\n\t\t\t\t\t\t<div class=\"elementor-element elementor-element-2c83d38 elementor-widget elementor-widget-image\" data-id=\"2c83d38\" data-element_type=\"widget\" data-e-type=\"widget\" data-widget_type=\"image.default\">\n\t\t\t\t<div class=\"elementor-widget-container\">\n\t\t\t\t\t\t\t\t\t\t\t\t\t\t\t<img loading=\"lazy\" decoding=\"async\" width=\"300\" height=\"189\" src=\"https:\/\/digitutor.redu.fi\/digitutor\/wp-content\/uploads\/2024\/10\/ServiceNow-Logo-300x189.png\" class=\"attachment-medium size-medium wp-image-1064\" alt=\"\" srcset=\"https:\/\/digitutor.redu.fi\/digitutor\/wp-content\/uploads\/2024\/10\/ServiceNow-Logo-300x189.png 300w, https:\/\/digitutor.redu.fi\/digitutor\/wp-content\/uploads\/2024\/10\/ServiceNow-Logo-1024x644.png 1024w, https:\/\/digitutor.redu.fi\/digitutor\/wp-content\/uploads\/2024\/10\/ServiceNow-Logo-768x483.png 768w, https:\/\/digitutor.redu.fi\/digitutor\/wp-content\/uploads\/2024\/10\/ServiceNow-Logo-1536x966.png 1536w, https:\/\/digitutor.redu.fi\/digitutor\/wp-content\/uploads\/2024\/10\/ServiceNow-Logo-2048x1288.png 2048w\" sizes=\"(max-width: 300px) 100vw, 300px\" \/>\t\t\t\t\t\t\t\t\t\t\t\t\t\t\t<\/div>\n\t\t\t\t<\/div>\n\t\t\t\t\t<\/div>\n\t\t<\/div>\n\t\t\t\t\t<\/div>\n\t\t<\/section>\n\t\t\t\t<\/div>\n\t\t","protected":false},"excerpt":{"rendered":"<p>M365 Microsoft 365 on Microsoftin pilvipohjainen kuukausimaksullinen tuottavuusymp\u00e4rist\u00f6, joka sis\u00e4lt\u00e4\u00e4 vanhan Office-paketin ohjelmat ja uusia ominaisuuksia kuten Microsoft Teams, Outlook ja OneDrive-verkkolevy yhdell\u00e4 teratavulla tallennustilaa. Tuote on k\u00e4ytett\u00e4viss\u00e4 PC-, Mac-, mobiilialustoilla ja webiss\u00e4. \u00a0 Microsoft 365 \u2013 tuottavuussovellusten tilaus | Microsoft 365 Spiceworks Spiceworks on verkkoyhteis\u00f6 jossa k\u00e4ytt\u00e4j\u00e4t voivat tehd\u00e4 yhteisty\u00f6t\u00e4 ja neuvoa toisiaan. Digitutorit k\u00e4ytt\u00e4v\u00e4t t\u00e4t\u00e4 sovellusta palvelupyynt\u00f6jen tallennukseen ja k\u00e4sittelyyn. Yhti\u00f6 perustettiin 2006. Business and Industry News, Analysis and Expert Insights &#8211; Spiceworks Thinglink \u00a0Thinglink on vuonna 2010 perustettu suomalais-amerikkalainen yritys, jonka luomat palvelut tekev\u00e4t kuvista sosiaalisia ja interaktiivisia.ThingLink: Rakenna visuaalisia oppimiskokemuksia interaktiivisten kuvien, videoiden ja 360 median avulla Adobe cloud Adobe Creative Cloud toimittaa sovelluksia, verkkopalveluita ja resursseja luoviin projekteihin \u2013 valokuvaukseen, graafiseen suunnitteluun, videoiden muokkaukseen, UX-suunnitteluun, piirt\u00e4miseen ja maalaukseen, sosiaaliseen mediaan ja muihin tarkoituksiin. Kokoa oma j\u00e4senyytesi erillisten sovellusten j\u00e4senyyksist\u00e4 tai tilaa creative cloud kaikki sovellukset -j\u00e4senyys.Adobe Creative Cloud | Lis\u00e4tiedot ja tuotteet | Adobe Instagram \u00a0https:\/\/www.instagram.com\/redu_digitutor\/ ServiceNow N\u00e4e ServiceNow toiminnassaEsittele omalla tavallasi \u2013 olitpa sitten uusi ServiceNow-k\u00e4ytt\u00e4j\u00e4 tai kokenut kehitt\u00e4j\u00e4, meill\u00e4 on sinulle vaihtoehto.Katso purentakokoisia videoita v\u00e4litt\u00f6m\u00e4stiKoe perusteellinen demo liven\u00e4 tai tutustu kirjastoonKokeile maksutonta kehitt\u00e4j\u00e4esiintym\u00e4\u00e4 k\u00e4yt\u00e4nn\u00f6ss\u00e4.ServiceNow &#8211; Put AI to Work<\/p>\n","protected":false},"author":1,"featured_media":0,"parent":0,"menu_order":0,"comment_status":"closed","ping_status":"closed","template":"","meta":{"zakra_page_container_layout":"stretched","zakra_page_sidebar_layout":"no_sidebar","zakra_remove_content_margin":false,"zakra_sidebar":"customizer","zakra_transparent_header":"customizer","zakra_logo":0,"zakra_main_header_style":"default","zakra_menu_item_color":null,"zakra_menu_item_hover_color":"","zakra_menu_item_active_color":"","zakra_menu_active_style":"style-1","zakra_page_header":true,"footnotes":""},"class_list":["post-384","page","type-page","status-publish","hentry"],"_links":{"self":[{"href":"https:\/\/digitutor.redu.fi\/digitutor\/index.php?rest_route=\/wp\/v2\/pages\/384","targetHints":{"allow":["GET"]}}],"collection":[{"href":"https:\/\/digitutor.redu.fi\/digitutor\/index.php?rest_route=\/wp\/v2\/pages"}],"about":[{"href":"https:\/\/digitutor.redu.fi\/digitutor\/index.php?rest_route=\/wp\/v2\/types\/page"}],"author":[{"embeddable":true,"href":"https:\/\/digitutor.redu.fi\/digitutor\/index.php?rest_route=\/wp\/v2\/users\/1"}],"replies":[{"embeddable":true,"href":"https:\/\/digitutor.redu.fi\/digitutor\/index.php?rest_route=%2Fwp%2Fv2%2Fcomments&post=384"}],"version-history":[{"count":28,"href":"https:\/\/digitutor.redu.fi\/digitutor\/index.php?rest_route=\/wp\/v2\/pages\/384\/revisions"}],"predecessor-version":[{"id":1070,"href":"https:\/\/digitutor.redu.fi\/digitutor\/index.php?rest_route=\/wp\/v2\/pages\/384\/revisions\/1070"}],"wp:attachment":[{"href":"https:\/\/digitutor.redu.fi\/digitutor\/index.php?rest_route=%2Fwp%2Fv2%2Fmedia&parent=384"}],"curies":[{"name":"wp","href":"https:\/\/api.w.org\/{rel}","templated":true}]}}