{"id":381,"date":"2022-08-25T01:43:36","date_gmt":"2022-08-24T22:43:36","guid":{"rendered":"https:\/\/digitutor.redu.fi\/digitutor\/?page_id=381"},"modified":"2024-09-05T13:27:02","modified_gmt":"2024-09-05T10:27:02","slug":"asiakkaille","status":"publish","type":"page","link":"https:\/\/digitutor.redu.fi\/digitutor\/?page_id=381","title":{"rendered":"Asiakkaille"},"content":{"rendered":"\t\t<div data-elementor-type=\"wp-page\" data-elementor-id=\"381\" class=\"elementor elementor-381\">\n\t\t\t\t\t\t<section class=\"elementor-section elementor-top-section elementor-element elementor-element-e51249f elementor-section-stretched elementor-section-boxed elementor-section-height-default elementor-section-height-default wpr-particle-no wpr-jarallax-no wpr-parallax-no wpr-sticky-section-no\" data-id=\"e51249f\" data-element_type=\"section\" data-e-type=\"section\" data-settings=\"{&quot;stretch_section&quot;:&quot;section-stretched&quot;}\">\n\t\t\t\t\t\t<div class=\"elementor-container elementor-column-gap-default\">\n\t\t\t\t\t<div class=\"elementor-column elementor-col-50 elementor-top-column elementor-element elementor-element-b10b0bc\" data-id=\"b10b0bc\" data-element_type=\"column\" data-e-type=\"column\">\n\t\t\t<div class=\"elementor-widget-wrap elementor-element-populated\">\n\t\t\t\t\t\t<div class=\"elementor-element elementor-element-20a6cdd elementor-widget elementor-widget-text-editor\" data-id=\"20a6cdd\" data-element_type=\"widget\" data-e-type=\"widget\" data-widget_type=\"text-editor.default\">\n\t\t\t\t<div class=\"elementor-widget-container\">\n\t\t\t\t\t\t\t\t\t<h3 style=\"text-align: center;\"><span style=\"font-size: 30pt; color: #ffffff;\">Mihin sovelluksiin voin pyyt\u00e4\u00e4 apua?<\/span><\/h3>\n<p style=\"text-align: center;\"><span style=\"color: #ffffff; font-size: 14pt;\">Voit pyyt\u00e4\u00e4 apua Googlen sovelluksiin, esim Drive, Gmail jne, Adoben sovelluksiin, kuvanmuokkaus ja videoeditointiin liittyvist\u00e4 sovelluksista ja Office365 (Excel, Word) ja my\u00f6s moniin muihin.<br><br><\/span><\/p>\t\t\t\t\t\t\t\t<\/div>\n\t\t\t\t<\/div>\n\t\t\t\t\t<\/div>\n\t\t<\/div>\n\t\t\t\t<div class=\"elementor-column elementor-col-50 elementor-top-column elementor-element elementor-element-5c385ae\" data-id=\"5c385ae\" data-element_type=\"column\" data-e-type=\"column\">\n\t\t\t<div class=\"elementor-widget-wrap elementor-element-populated\">\n\t\t\t\t\t\t<div class=\"elementor-element elementor-element-fcd01f6 elementor-widget elementor-widget-text-editor\" data-id=\"fcd01f6\" data-element_type=\"widget\" data-e-type=\"widget\" data-widget_type=\"text-editor.default\">\n\t\t\t\t<div class=\"elementor-widget-container\">\n\t\t\t\t\t\t\t\t\t<h3 style=\"text-align: center;\"><span style=\"font-size: 30pt; color: #ffffff;\">Mihin laitteisiin voin pyyt\u00e4\u00e4 apua?<\/span><\/h3>\n<p style=\"text-align: center;\"><span style=\"color: #ffffff; font-size: 14pt;\">Voit pyyt\u00e4\u00e4 apua muun muassa tietokoneisiin, kameroihin, projektoreihin, \u00e4lylaitteisiin ja kokouksiin liittyviss\u00e4 ongelmissa. Digitutoreilla on my\u00f6s k\u00e4ytt\u00f6ohjeita eri laitteille ja laitteita voi lainata.<br><br><\/span><\/p>\t\t\t\t\t\t\t\t<\/div>\n\t\t\t\t<\/div>\n\t\t\t\t\t<\/div>\n\t\t<\/div>\n\t\t\t\t\t<\/div>\n\t\t<\/section>\n\t\t\t\t<\/div>\n\t\t","protected":false},"excerpt":{"rendered":"<p>Mihin sovelluksiin voin pyyt\u00e4\u00e4 apua? Voit pyyt\u00e4\u00e4 apua Googlen sovelluksiin, esim Drive, Gmail jne, Adoben sovelluksiin, kuvanmuokkaus ja videoeditointiin liittyvist\u00e4 sovelluksista ja Office365 (Excel, Word) ja my\u00f6s moniin muihin. Mihin laitteisiin voin pyyt\u00e4\u00e4 apua? Voit pyyt\u00e4\u00e4 apua muun muassa tietokoneisiin, kameroihin, projektoreihin, \u00e4lylaitteisiin ja kokouksiin liittyviss\u00e4 ongelmissa. Digitutoreilla on my\u00f6s k\u00e4ytt\u00f6ohjeita eri laitteille ja laitteita voi lainata.<\/p>\n","protected":false},"author":1,"featured_media":0,"parent":0,"menu_order":0,"comment_status":"closed","ping_status":"closed","template":"","meta":{"zakra_page_container_layout":"stretched","zakra_page_sidebar_layout":"no_sidebar","zakra_remove_content_margin":false,"zakra_sidebar":"customizer","zakra_transparent_header":"customizer","zakra_logo":0,"zakra_main_header_style":"default","zakra_menu_item_color":null,"zakra_menu_item_hover_color":"","zakra_menu_item_active_color":"","zakra_menu_active_style":"style-1","zakra_page_header":true,"footnotes":""},"class_list":["post-381","page","type-page","status-publish","hentry"],"_links":{"self":[{"href":"https:\/\/digitutor.redu.fi\/digitutor\/index.php?rest_route=\/wp\/v2\/pages\/381","targetHints":{"allow":["GET"]}}],"collection":[{"href":"https:\/\/digitutor.redu.fi\/digitutor\/index.php?rest_route=\/wp\/v2\/pages"}],"about":[{"href":"https:\/\/digitutor.redu.fi\/digitutor\/index.php?rest_route=\/wp\/v2\/types\/page"}],"author":[{"embeddable":true,"href":"https:\/\/digitutor.redu.fi\/digitutor\/index.php?rest_route=\/wp\/v2\/users\/1"}],"replies":[{"embeddable":true,"href":"https:\/\/digitutor.redu.fi\/digitutor\/index.php?rest_route=%2Fwp%2Fv2%2Fcomments&post=381"}],"version-history":[{"count":47,"href":"https:\/\/digitutor.redu.fi\/digitutor\/index.php?rest_route=\/wp\/v2\/pages\/381\/revisions"}],"predecessor-version":[{"id":1020,"href":"https:\/\/digitutor.redu.fi\/digitutor\/index.php?rest_route=\/wp\/v2\/pages\/381\/revisions\/1020"}],"wp:attachment":[{"href":"https:\/\/digitutor.redu.fi\/digitutor\/index.php?rest_route=%2Fwp%2Fv2%2Fmedia&parent=381"}],"curies":[{"name":"wp","href":"https:\/\/api.w.org\/{rel}","templated":true}]}}