{"id":30,"date":"2022-06-14T11:43:36","date_gmt":"2022-06-14T08:43:36","guid":{"rendered":"https:\/\/digitutor.redu.fi\/digitutor\/?page_id=30"},"modified":"2024-11-18T11:33:42","modified_gmt":"2024-11-18T08:33:42","slug":"digitutor","status":"publish","type":"page","link":"https:\/\/digitutor.redu.fi\/digitutor\/","title":{"rendered":"Digitutor koti"},"content":{"rendered":"\t\t<div data-elementor-type=\"wp-page\" data-elementor-id=\"30\" class=\"elementor elementor-30\">\n\t\t\t\t\t\t<section class=\"elementor-section elementor-top-section elementor-element elementor-element-9fcf429 elementor-section-stretched animated-slow elementor-section-boxed elementor-section-height-default elementor-section-height-default wpr-particle-no wpr-jarallax-no wpr-parallax-no wpr-sticky-section-no elementor-invisible\" data-id=\"9fcf429\" data-element_type=\"section\" data-e-type=\"section\" data-settings=\"{&quot;stretch_section&quot;:&quot;section-stretched&quot;,&quot;animation&quot;:&quot;fadeInRight&quot;,&quot;animation_delay&quot;:25}\">\n\t\t\t\t\t\t<div class=\"elementor-container elementor-column-gap-default\">\n\t\t\t\t\t<div class=\"elementor-column elementor-col-100 elementor-top-column elementor-element elementor-element-df889c3\" data-id=\"df889c3\" data-element_type=\"column\" data-e-type=\"column\">\n\t\t\t<div class=\"elementor-widget-wrap elementor-element-populated\">\n\t\t\t\t\t\t<div class=\"elementor-element elementor-element-9fd024e elementor-widget__width-initial elementor-widget elementor-widget-video\" data-id=\"9fd024e\" data-element_type=\"widget\" data-e-type=\"widget\" data-settings=\"{&quot;youtube_url&quot;:&quot;https:\\\/\\\/www.youtube.com\\\/watch?v=cScQGoZQFD4&quot;,&quot;mute&quot;:&quot;yes&quot;,&quot;lazy_load&quot;:&quot;yes&quot;,&quot;video_type&quot;:&quot;youtube&quot;,&quot;controls&quot;:&quot;yes&quot;}\" data-widget_type=\"video.default\">\n\t\t\t\t<div class=\"elementor-widget-container\">\n\t\t\t\t\t\t\t<div class=\"elementor-wrapper elementor-open-inline\">\n\t\t\t<div class=\"elementor-video\"><\/div>\t\t<\/div>\n\t\t\t\t\t\t<\/div>\n\t\t\t\t<\/div>\n\t\t\t\t<section class=\"elementor-section elementor-inner-section elementor-element elementor-element-f1ebfb0 elementor-section-content-middle elementor-section-full_width elementor-section-height-default elementor-section-height-default wpr-particle-no wpr-jarallax-no wpr-parallax-no wpr-sticky-section-no\" data-id=\"f1ebfb0\" data-element_type=\"section\" data-e-type=\"section\" data-settings=\"{&quot;animation&quot;:&quot;none&quot;}\">\n\t\t\t\t\t\t<div class=\"elementor-container elementor-column-gap-custom\">\n\t\t\t\t\t<div class=\"elementor-column elementor-col-50 elementor-inner-column elementor-element elementor-element-efa4aa0\" data-id=\"efa4aa0\" data-element_type=\"column\" data-e-type=\"column\">\n\t\t\t<div class=\"elementor-widget-wrap elementor-element-populated\">\n\t\t\t\t\t\t<div class=\"elementor-element elementor-element-7576b41 elementor-widget elementor-widget-text-editor\" data-id=\"7576b41\" data-element_type=\"widget\" data-e-type=\"widget\" data-widget_type=\"text-editor.default\">\n\t\t\t\t<div class=\"elementor-widget-container\">\n\t\t\t\t\t\t\t\t\t<h3 style=\"text-align: center;\"><span style=\"color: #ffffff;\"><span style=\"font-size: 30pt;\">Oppilaitoksen Digituki<\/span>\n<\/span><\/h3>\n<p><span style=\"font-size: 14pt;\">Digituessa toimii oppilaitoksen opiskelijoita, jotka ovat digitutor harjoittelijoita. Digitutorit tarjoavat opiskelijoille, henkil\u00f6st\u00f6lle ja ty\u00f6paikoille tukea digitaalisten laitteiden, palvelujen ja ohjelmien k\u00e4yt\u00f6ss\u00e4. Digitutor toiminta on k\u00e4ynniss\u00e4 Jokiv\u00e4yl\u00e4n toimipisteess\u00e4, digituen ty\u00f6pajassa (D325).<\/span><\/p>\t\t\t\t\t\t\t\t<\/div>\n\t\t\t\t<\/div>\n\t\t\t\t\t<\/div>\n\t\t<\/div>\n\t\t\t\t<div class=\"elementor-column elementor-col-50 elementor-inner-column elementor-element elementor-element-736dccc\" data-id=\"736dccc\" data-element_type=\"column\" data-e-type=\"column\">\n\t\t\t<div class=\"elementor-widget-wrap elementor-element-populated\">\n\t\t\t\t\t\t<div class=\"elementor-element elementor-element-e23620c elementor-widget elementor-widget-text-editor\" data-id=\"e23620c\" data-element_type=\"widget\" data-e-type=\"widget\" data-widget_type=\"text-editor.default\">\n\t\t\t\t<div class=\"elementor-widget-container\">\n\t\t\t\t\t\t\t\t\t<h3 style=\"text-align: center;\"><span style=\"color: #ffffff; font-size: 30pt;\">Ketk\u00e4 saavat tukea?<\/span><\/h3>\n<p><span style=\"font-size: 14pt;\">Tuki on tarkoitettu muille opiskelijoille, opettajille ja ty\u00f6paikan ohjaajille digitaalisten toimintojen, laitteiden ja sovellusten opastukseen. Oppilaat ja opettajat voivat my\u00f6s lainata laitteita.<\/span><\/p>\t\t\t\t\t\t\t\t<\/div>\n\t\t\t\t<\/div>\n\t\t\t\t\t<\/div>\n\t\t<\/div>\n\t\t\t\t\t<\/div>\n\t\t<\/section>\n\t\t\t\t\t<\/div>\n\t\t<\/div>\n\t\t\t\t\t<\/div>\n\t\t<\/section>\n\t\t\t\t<section class=\"elementor-section elementor-top-section elementor-element elementor-element-5822486 elementor-section-stretched animated-slow elementor-section-boxed elementor-section-height-default elementor-section-height-default wpr-particle-no wpr-jarallax-no wpr-parallax-no wpr-sticky-section-no elementor-invisible\" data-id=\"5822486\" data-element_type=\"section\" data-e-type=\"section\" data-settings=\"{&quot;stretch_section&quot;:&quot;section-stretched&quot;,&quot;animation&quot;:&quot;fadeInRight&quot;,&quot;animation_delay&quot;:25}\">\n\t\t\t\t\t\t<div class=\"elementor-container elementor-column-gap-default\">\n\t\t\t\t\t<div class=\"elementor-column elementor-col-100 elementor-top-column elementor-element elementor-element-9ad7877\" data-id=\"9ad7877\" data-element_type=\"column\" data-e-type=\"column\">\n\t\t\t<div class=\"elementor-widget-wrap elementor-element-populated\">\n\t\t\t\t\t\t<div class=\"elementor-element elementor-element-cfbffad elementor-widget elementor-widget-text-editor\" data-id=\"cfbffad\" data-element_type=\"widget\" data-e-type=\"widget\" data-widget_type=\"text-editor.default\">\n\t\t\t\t<div class=\"elementor-widget-container\">\n\t\t\t\t\t\t\t\t\t<h3 style=\"text-align: center;\"><span style=\"color: #ffffff; font-size: 30pt;\">Voit kysy\u00e4 neuvoa Digitutoreilta muun muassa seuraavissa asioissa:<\/span><\/h3>\n<p style=\"text-align: center;\"><span style=\"font-size: 18pt;\">Tietokoneiden oheis &#8211; ja mobiililaitteiden ongelmiin<\/span><\/p>\n<p style=\"text-align: center;\"><span style=\"font-size: 18pt; font-style: inherit; background-color: var( --e-global-color-2003308 ); color: var( --e-global-color-648fdc8 );\">Office365 ohjelmien ja teamsin k\u00e4ytt\u00f6\u00f6n<\/span><\/p>\n<p style=\"text-align: center;\"><span style=\"font-size: 18pt;\">Digitaalisten kuvien ja videoiden ottaminen ja k\u00e4sittely<\/span><\/p>\n<p style=\"text-align: center;\"><span style=\"font-size: 18pt;\">3D\/360 kameran k\u00e4ytt\u00f6 ja kuvien k\u00e4ytt\u00f6\u00f6notto Thinglinkiin<br><br><\/span><\/p>\n<p><\/p>\t\t\t\t\t\t\t\t<\/div>\n\t\t\t\t<\/div>\n\t\t\t\t\t<\/div>\n\t\t<\/div>\n\t\t\t\t\t<\/div>\n\t\t<\/section>\n\t\t\t\t<section class=\"elementor-section elementor-top-section elementor-element elementor-element-c8f858a elementor-section-stretched elementor-section-boxed elementor-section-height-default elementor-section-height-default wpr-particle-no wpr-jarallax-no wpr-parallax-no wpr-sticky-section-no elementor-invisible\" data-id=\"c8f858a\" data-element_type=\"section\" data-e-type=\"section\" data-settings=\"{&quot;stretch_section&quot;:&quot;section-stretched&quot;,&quot;animation&quot;:&quot;fadeInLeft&quot;}\">\n\t\t\t\t\t\t<div class=\"elementor-container elementor-column-gap-default\">\n\t\t\t\t\t<div class=\"elementor-column elementor-col-100 elementor-top-column elementor-element elementor-element-b755bf2 elementor-invisible\" data-id=\"b755bf2\" data-element_type=\"column\" data-e-type=\"column\" data-settings=\"{&quot;animation&quot;:&quot;fadeInLeft&quot;}\">\n\t\t\t<div class=\"elementor-widget-wrap elementor-element-populated\">\n\t\t\t\t\t\t<div class=\"elementor-element elementor-element-1f2b927 elementor-widget elementor-widget-google_maps\" data-id=\"1f2b927\" data-element_type=\"widget\" data-e-type=\"widget\" data-widget_type=\"google_maps.default\">\n\t\t\t\t<div class=\"elementor-widget-container\">\n\t\t\t\t\t\t\t<div class=\"elementor-custom-embed\">\n\t\t\t<iframe loading=\"lazy\"\n\t\t\t\t\tsrc=\"https:\/\/maps.google.com\/maps?q=REDU%20jokiv%C3%A4yl%C3%A4&#038;t=m&#038;z=10&#038;output=embed&#038;iwloc=near\"\n\t\t\t\t\ttitle=\"REDU jokiv\u00e4yl\u00e4\"\n\t\t\t\t\taria-label=\"REDU jokiv\u00e4yl\u00e4\"\n\t\t\t><\/iframe>\n\t\t<\/div>\n\t\t\t\t\t\t<\/div>\n\t\t\t\t<\/div>\n\t\t\t\t\t<\/div>\n\t\t<\/div>\n\t\t\t\t\t<\/div>\n\t\t<\/section>\n\t\t\t\t<\/div>\n\t\t","protected":false},"excerpt":{"rendered":"<p>https:\/\/www.youtube.com\/watch?v=cScQGoZQFD4 Oppilaitoksen Digituki Digituessa toimii oppilaitoksen opiskelijoita, jotka ovat digitutor harjoittelijoita. Digitutorit tarjoavat opiskelijoille, henkil\u00f6st\u00f6lle ja ty\u00f6paikoille tukea digitaalisten laitteiden, palvelujen ja ohjelmien k\u00e4yt\u00f6ss\u00e4. Digitutor toiminta on k\u00e4ynniss\u00e4 Jokiv\u00e4yl\u00e4n toimipisteess\u00e4, digituen ty\u00f6pajassa (D325). Ketk\u00e4 saavat tukea? Tuki on tarkoitettu muille opiskelijoille, opettajille ja ty\u00f6paikan ohjaajille digitaalisten toimintojen, laitteiden ja sovellusten opastukseen. Oppilaat ja opettajat voivat my\u00f6s lainata laitteita. Voit kysy\u00e4 neuvoa Digitutoreilta muun muassa seuraavissa asioissa: Tietokoneiden oheis &#8211; ja mobiililaitteiden ongelmiin Office365 ohjelmien ja teamsin k\u00e4ytt\u00f6\u00f6n Digitaalisten kuvien ja videoiden ottaminen ja k\u00e4sittely 3D\/360 kameran k\u00e4ytt\u00f6 ja kuvien k\u00e4ytt\u00f6\u00f6notto Thinglinkiin<\/p>\n","protected":false},"author":1,"featured_media":0,"parent":0,"menu_order":0,"comment_status":"closed","ping_status":"closed","template":"","meta":{"zakra_page_container_layout":"stretched","zakra_page_sidebar_layout":"no_sidebar","zakra_remove_content_margin":false,"zakra_sidebar":"customizer","zakra_transparent_header":"customizer","zakra_logo":0,"zakra_main_header_style":"default","zakra_menu_item_color":null,"zakra_menu_item_hover_color":"","zakra_menu_item_active_color":"","zakra_menu_active_style":"style-1","zakra_page_header":true,"footnotes":""},"class_list":["post-30","page","type-page","status-publish","hentry"],"_links":{"self":[{"href":"https:\/\/digitutor.redu.fi\/digitutor\/index.php?rest_route=\/wp\/v2\/pages\/30","targetHints":{"allow":["GET"]}}],"collection":[{"href":"https:\/\/digitutor.redu.fi\/digitutor\/index.php?rest_route=\/wp\/v2\/pages"}],"about":[{"href":"https:\/\/digitutor.redu.fi\/digitutor\/index.php?rest_route=\/wp\/v2\/types\/page"}],"author":[{"embeddable":true,"href":"https:\/\/digitutor.redu.fi\/digitutor\/index.php?rest_route=\/wp\/v2\/users\/1"}],"replies":[{"embeddable":true,"href":"https:\/\/digitutor.redu.fi\/digitutor\/index.php?rest_route=%2Fwp%2Fv2%2Fcomments&post=30"}],"version-history":[{"count":174,"href":"https:\/\/digitutor.redu.fi\/digitutor\/index.php?rest_route=\/wp\/v2\/pages\/30\/revisions"}],"predecessor-version":[{"id":1101,"href":"https:\/\/digitutor.redu.fi\/digitutor\/index.php?rest_route=\/wp\/v2\/pages\/30\/revisions\/1101"}],"wp:attachment":[{"href":"https:\/\/digitutor.redu.fi\/digitutor\/index.php?rest_route=%2Fwp%2Fv2%2Fmedia&parent=30"}],"curies":[{"name":"wp","href":"https:\/\/api.w.org\/{rel}","templated":true}]}}